{"id":828,"date":"2019-08-27T15:07:09","date_gmt":"2019-08-27T15:07:09","guid":{"rendered":"https:\/\/JuliaHabich.de\/?page_id=828"},"modified":"2025-11-27T16:57:48","modified_gmt":"2025-11-27T16:57:48","slug":"datenschutz","status":"publish","type":"page","link":"https:\/\/JuliaHabich.de\/?page_id=828","title":{"rendered":"Datenschutz"},"content":{"rendered":"\n<h1 class=\"wp-block-heading\">Einleitung<\/h1>\n\n\n\n<p><\/p>\n\n\n\n<p>Mit der folgenden Datenschutzerkl\u00e4rung m\u00f6chten wir Sie dar\u00fcber aufkl\u00e4ren, welche Arten Ihrer personenbezogenen Daten (nachfolgend auch kurz als &#8222;Daten\u201c bezeichnet) wir zu welchen Zwecken und in welchem Umfang verarbeiten. Die Datenschutzerkl\u00e4rung gilt f\u00fcr alle von uns durchgef\u00fchrten Verarbeitungen personenbezogener Daten, sowohl im Rahmen der Erbringung unserer Leistungen als auch insbesondere auf unseren Webseiten, in mobilen Applikationen sowie innerhalb externer Onlinepr\u00e4senzen, wie z.B. unserer Social-Media-Profile (nachfolgend zusammenfassend bezeichnet als &#8222;Onlineangebot\u201c).<\/p>\n\n\n\n<p>Stand: 27. November 2025<\/p>\n\n\n\n<h2 class=\"wp-block-heading\">Inhalts\u00fcbersicht<\/h2>\n\n\n\n<ul class=\"wp-block-list\">\n<li><a href=\"#m14\"> Einleitung<\/a><\/li>\n\n\n\n<li><a href=\"#m3\"> Verantwortlicher<\/a><\/li>\n\n\n\n<li><a href=\"#mOverview\"> \u00dcbersicht der Verarbeitungen<\/a><\/li>\n\n\n\n<li><a href=\"#m13\"> Ma\u00dfgebliche Rechtsgrundlagen<\/a><\/li>\n\n\n\n<li><a href=\"#m27\"> Sicherheitsma\u00dfnahmen<\/a><\/li>\n\n\n\n<li><a href=\"#m225\"> Bereitstellung des Onlineangebotes und Webhosting<\/a><\/li>\n\n\n\n<li><a href=\"#m136\"> Pr\u00e4senzen in sozialen Netzwerken<\/a><\/li>\n\n\n\n<li><a href=\"#m328\"> Plugins und eingebettete Funktionen sowie Inhalte<\/a><\/li>\n\n\n\n<li><a href=\"#m42\"> Begriffsdefinitionen<\/a><\/li>\n<\/ul>\n\n\n\n<h2 class=\"wp-block-heading\" id=\"m3\">Verantwortlicher<\/h2>\n\n\n\n<p>Julia Habich<\/p>\n\n\n\n<p><strong>E-Mail-Adresse<\/strong>: <a href=\"mailto:info@juliahabich.de\">info@juliahabich.de<\/a><\/p>\n\n\n\n<p><strong>Impressum<\/strong>: <a href=\"https:\/\/JuliaHabich.de\/?page_id=554\" target=\"_blank\" rel=\"noreferrer noopener\">https:\/\/JuliaHabich.de\/?page_id=554<\/a><\/p>\n\n\n\n<h2 class=\"wp-block-heading\" id=\"mOverview\">\u00dcbersicht der Verarbeitungen<\/h2>\n\n\n\n<p>Die nachfolgende \u00dcbersicht fasst die Arten der verarbeiteten Daten und die Zwecke ihrer Verarbeitung zusammen und verweist auf die betroffenen Personen.<\/p>\n\n\n\n<h3 class=\"wp-block-heading\">Arten der verarbeiteten Daten<\/h3>\n\n\n\n<ul class=\"wp-block-list\">\n<li>Bestandsdaten (z.B. Namen, Adressen).<\/li>\n\n\n\n<li>Inhaltsdaten  (z.B. Texteingaben, Fotografien, Videos).<\/li>\n\n\n\n<li>Kontaktdaten (z.B. E-Mail, Telefonnummern).<\/li>\n\n\n\n<li>Meta-\/Kommunikationsdaten (z.B. Ger\u00e4te-Informationen, IP-Adressen).<\/li>\n\n\n\n<li>Nutzungsdaten  (z.B. besuchte Webseiten, Interesse an Inhalten, Zugriffszeiten).<\/li>\n<\/ul>\n\n\n\n<h3 class=\"wp-block-heading\">Kategorien betroffener Personen<\/h3>\n\n\n\n<ul class=\"wp-block-list\">\n<li>Nutzer (z.B. Webseitenbesucher, Nutzer von Onlinediensten).<\/li>\n<\/ul>\n\n\n\n<h3 class=\"wp-block-heading\">Zwecke der Verarbeitung<\/h3>\n\n\n\n<ul class=\"wp-block-list\">\n<li>Bereitstellung unseres Onlineangebotes und Nutzerfreundlichkeit.<\/li>\n\n\n\n<li>Kontaktanfragen und Kommunikation.<\/li>\n\n\n\n<li>Remarketing.<\/li>\n\n\n\n<li>Tracking (z.B. interessens-\/verhaltensbezogenes Profiling, Nutzung von Cookies).<\/li>\n\n\n\n<li>Vertragliche Leistungen und Service.<\/li>\n<\/ul>\n\n\n\n<h3 class=\"wp-block-heading\" id=\"m13\">Ma\u00dfgebliche Rechtsgrundlagen<\/h3>\n\n\n\n<p>Im Folgenden teilen wir die Rechtsgrundlagen der Datenschutzgrundverordnung (DSGVO), auf deren Basis wir die personenbezogenen Daten verarbeiten, mit. Bitte beachten Sie, dass zus\u00e4tzlich zu den Regelungen der DSGVO die nationalen Datenschutzvorgaben in Ihrem bzw. unserem Wohn- und Sitzland gelten k\u00f6nnen.<\/p>\n\n\n\n<ul class=\"wp-block-list\">\n<li><strong>Berechtigte Interessen (Art. 6 Abs. 1 S. 1 lit. f. DSGVO)<\/strong> &#8211; Die Verarbeitung ist zur Wahrung der berechtigten Interessen des Verantwortlichen oder eines Dritten erforderlich, sofern nicht die Interessen oder Grundrechte und Grundfreiheiten der betroffenen Person, die den Schutz personenbezogener Daten erfordern, \u00fcberwiegen.<\/li>\n<\/ul>\n\n\n\n<p><strong>Nationale Datenschutzregelungen in Deutschland<\/strong>: Zus\u00e4tzlich zu den Datenschutzregelungen der Datenschutz-Grundverordnung gelten nationale Regelungen zum Datenschutz in Deutschland. Hierzu geh\u00f6rt insbesondere das Gesetz zum Schutz vor Missbrauch personenbezogener Daten bei der Datenverarbeitung (Bundesdatenschutzgesetz \u2013 BDSG). Das BDSG enth\u00e4lt insbesondere Spezialregelungen zum Recht auf Auskunft, zum Recht auf L\u00f6schung, zum Widerspruchsrecht, zur Verarbeitung besonderer Kategorien personenbezogener Daten, zur Verarbeitung f\u00fcr andere Zwecke und zur \u00dcbermittlung sowie automatisierten Entscheidungsfindung im Einzelfall einschlie\u00dflich Profiling. Des Weiteren regelt es die Datenverarbeitung f\u00fcr Zwecke des Besch\u00e4ftigungsverh\u00e4ltnisses (\u00a7 26 BDSG), insbesondere im Hinblick auf die Begr\u00fcndung, Durchf\u00fchrung oder Beendigung von Besch\u00e4ftigungsverh\u00e4ltnissen sowie die Einwilligung von Besch\u00e4ftigten. Ferner k\u00f6nnen Landesdatenschutzgesetze der einzelnen Bundesl\u00e4nder zur Anwendung gelangen.<\/p>\n\n\n\n<h2 class=\"wp-block-heading\" id=\"m27\">Sicherheitsma\u00dfnahmen<\/h2>\n\n\n\n<p>Wir treffen nach Ma\u00dfgabe der gesetzlichen Vorgaben unter Ber\u00fccksichtigung des Stands der Technik, der Implementierungskosten und der Art, des Umfangs, der Umst\u00e4nde und der Zwecke der Verarbeitung sowie der unterschiedlichen Eintrittswahrscheinlichkeiten und des Ausma\u00dfes der Bedrohung der Rechte und Freiheiten nat\u00fcrlicher Personen geeignete technische und organisatorische Ma\u00dfnahmen, um ein dem Risiko angemessenes Schutzniveau zu gew\u00e4hrleisten.<\/p>\n\n\n\n<p>Zu den Ma\u00dfnahmen geh\u00f6ren insbesondere die Sicherung der Vertraulichkeit, Integrit\u00e4t und Verf\u00fcgbarkeit von Daten durch Kontrolle des physischen und elektronischen Zugangs zu den Daten als auch des sie betreffenden Zugriffs, der Eingabe, der Weitergabe, der Sicherung der Verf\u00fcgbarkeit und ihrer Trennung. Des Weiteren haben wir Verfahren eingerichtet, die eine Wahrnehmung von Betroffenenrechten, die L\u00f6schung von Daten und Reaktionen auf die Gef\u00e4hrdung der Daten gew\u00e4hrleisten. Ferner ber\u00fccksichtigen wir den Schutz personenbezogener Daten bereits bei der Entwicklung bzw. Auswahl von Hardware, Software sowie Verfahren entsprechend dem Prinzip des Datenschutzes, durch Technikgestaltung und durch datenschutzfreundliche Voreinstellungen.<\/p>\n\n\n\n<p><strong>SSL-Verschl\u00fcsselung (https)<\/strong>: Um Ihre via unser Online-Angebot \u00fcbermittelten Daten zu sch\u00fctzen, nutzen wir eine SSL-Verschl\u00fcsselung. Sie erkennen derart verschl\u00fcsselte Verbindungen an dem Pr\u00e4fix https:\/\/ in der Adresszeile Ihres Browsers.<\/p>\n\n\n\n<h2 class=\"wp-block-heading\" id=\"m225\">Bereitstellung des Onlineangebotes und Webhosting<\/h2>\n\n\n\n<p>Um unser Onlineangebot sicher und effizient bereitstellen zu k\u00f6nnen, nehmen wir die Leistungen von einem oder mehreren Webhosting-Anbietern in Anspruch, von deren Servern (bzw. von ihnen verwalteten Servern) das Onlineangebot abgerufen werden kann. Zu diesen Zwecken k\u00f6nnen wir Infrastruktur- und Plattformdienstleistungen, Rechenkapazit\u00e4t, Speicherplatz und Datenbankdienste sowie Sicherheitsleistungen und technische Wartungsleistungen in Anspruch nehmen.<\/p>\n\n\n\n<p>Zu den im Rahmen der Bereitstellung des Hostingangebotes verarbeiteten Daten k\u00f6nnen alle die Nutzer unseres Onlineangebotes betreffenden Angaben geh\u00f6ren, die im Rahmen der Nutzung und der Kommunikation anfallen. Hierzu geh\u00f6ren regelm\u00e4\u00dfig die IP-Adresse, die notwendig ist, um die Inhalte von Onlineangeboten an Browser ausliefern zu k\u00f6nnen, und alle innerhalb unseres Onlineangebotes oder von Webseiten get\u00e4tigten Eingaben.<\/p>\n\n\n\n<p><strong>E-Mail-Versand und -Hosting<\/strong>: Die von uns in Anspruch genommenen Webhosting-Leistungen umfassen ebenfalls den Versand, den Empfang sowie die Speicherung von E-Mails. Zu diesen Zwecken werden die Adressen der Empf\u00e4nger sowie Absender als auch weitere Informationen betreffend den E-Mailversand (z.B. die beteiligten Provider) sowie die Inhalte der jeweiligen E-Mails verarbeitet. Die vorgenannten Daten k\u00f6nnen ferner zu Zwecken der Erkennung von SPAM verarbeitet werden. Wir bitten darum, zu beachten, dass E-Mails im Internet grunds\u00e4tzlich nicht verschl\u00fcsselt versendet werden. Im Regelfall werden E-Mails zwar auf dem Transportweg verschl\u00fcsselt, aber (sofern kein sogenanntes Ende-zu-Ende-Verschl\u00fcsselungsverfahren eingesetzt wird) nicht auf den Servern, von denen sie abgesendet und empfangen werden. Wir k\u00f6nnen daher f\u00fcr den \u00dcbertragungsweg der E-Mails zwischen dem Absender und dem Empfang auf unserem Server keine Verantwortung \u00fcbernehmen.<\/p>\n\n\n\n<p><strong>Erhebung von Zugriffsdaten und Logfiles<\/strong>: Wir selbst (bzw. unser Webhostinganbieter) erheben Daten zu jedem Zugriff auf den Server (sogenannte Serverlogfiles). Zu den Serverlogfiles k\u00f6nnen die Adresse und Name der abgerufenen Webseiten und Dateien, Datum und Uhrzeit des Abrufs, \u00fcbertragene Datenmengen, Meldung \u00fcber erfolgreichen Abruf, Browsertyp nebst Version, das Betriebssystem des Nutzers, Referrer URL (die zuvor besuchte Seite) und im Regelfall IP-Adressen und der anfragende Provider geh\u00f6ren.<\/p>\n\n\n\n<p>Die Serverlogfiles k\u00f6nnen zum einen zu Zwecken der Sicherheit eingesetzt werden, z.B., um eine \u00dcberlastung der Server zu vermeiden (insbesondere im Fall von missbr\u00e4uchlichen Angriffen, sogenannten DDoS-Attacken) und zum anderen, um die Auslastung der Server und ihre Stabilit\u00e4t sicherzustellen.<\/p>\n\n\n\n<ul class=\"wp-block-list\">\n<li><strong>Verarbeitete Datenarten:<\/strong> Inhaltsdaten  (z.B. Texteingaben, Fotografien, Videos), Nutzungsdaten  (z.B. besuchte Webseiten, Interesse an Inhalten, Zugriffszeiten), Meta-\/Kommunikationsdaten (z.B. Ger\u00e4te-Informationen, IP-Adressen).<\/li>\n\n\n\n<li><strong>Betroffene Personen:<\/strong> Nutzer (z.B. Webseitenbesucher, Nutzer von Onlinediensten).<\/li>\n\n\n\n<li><strong>Rechtsgrundlagen:<\/strong> Berechtigte Interessen (Art. 6 Abs. 1 S. 1 lit. f. DSGVO).<\/li>\n<\/ul>\n\n\n\n<h2 class=\"wp-block-heading\" id=\"m136\">Pr\u00e4senzen in sozialen Netzwerken<\/h2>\n\n\n\n<p>Wir unterhalten Onlinepr\u00e4senzen innerhalb sozialer Netzwerke, um mit den dort aktiven Nutzern zu kommunizieren oder um dort Informationen \u00fcber uns anzubieten.<\/p>\n\n\n\n<p>Wir weisen darauf hin, dass dabei Daten der Nutzer au\u00dferhalb des Raumes der Europ\u00e4ischen Union verarbeitet werden k\u00f6nnen. Hierdurch k\u00f6nnen sich f\u00fcr die Nutzer Risiken ergeben, weil so z.B. die Durchsetzung der Rechte der Nutzer erschwert werden k\u00f6nnte. Im Hinblick auf US-Anbieter, die unter dem Privacy-Shield zertifiziert sind oder vergleichbare Garantien eines sicheren Datenschutzniveaus bieten, weisen wir darauf hin, dass sie sich damit verpflichten, die Datenschutzstandards der EU einzuhalten.<\/p>\n\n\n\n<p>Ferner werden die Daten der Nutzer innerhalb sozialer Netzwerke im Regelfall f\u00fcr Marktforschungs- und Werbezwecke verarbeitet. So k\u00f6nnen z.B. anhand des Nutzungsverhaltens und sich daraus ergebender Interessen der Nutzer Nutzungsprofile erstellt werden. Die Nutzungsprofile k\u00f6nnen wiederum verwendet werden, um z.B. Werbeanzeigen innerhalb und au\u00dferhalb der Netzwerke zu schalten, die mutma\u00dflich den Interessen der Nutzer entsprechen. Zu diesen Zwecken werden im Regelfall Cookies auf den Rechnern der Nutzer gespeichert, in denen das Nutzungsverhalten und die Interessen der Nutzer gespeichert werden. Ferner k\u00f6nnen in den Nutzungsprofilen auch Daten unabh\u00e4ngig der von den Nutzern verwendeten Ger\u00e4te gespeichert werden (insbesondere, wenn die Nutzer Mitglieder der jeweiligen Plattformen sind und bei diesen eingeloggt sind).<\/p>\n\n\n\n<p>F\u00fcr eine detaillierte Darstellung der jeweiligen Verarbeitungsformen und der Widerspruchsm\u00f6glichkeiten (Opt-Out) verweisen wir auf die Datenschutzerkl\u00e4rungen und Angaben der Betreiber der jeweiligen Netzwerke.<\/p>\n\n\n\n<p>Auch im Fall von Auskunftsanfragen und der Geltendmachung von Betroffenenrechten weisen wir darauf hin, dass diese am effektivsten bei den Anbietern geltend gemacht werden k\u00f6nnen. Nur die Anbieter haben jeweils Zugriff auf die Daten der Nutzer und k\u00f6nnen direkt entsprechende Ma\u00dfnahmen ergreifen und Ausk\u00fcnfte geben. Sollten Sie dennoch Hilfe ben\u00f6tigen, dann k\u00f6nnen Sie sich an uns wenden.<\/p>\n\n\n\n<ul class=\"wp-block-list\">\n<li><strong>Verarbeitete Datenarten:<\/strong> Bestandsdaten (z.B. Namen, Adressen), Kontaktdaten (z.B. E-Mail, Telefonnummern), Inhaltsdaten  (z.B. Texteingaben, Fotografien, Videos), Nutzungsdaten  (z.B. besuchte Webseiten, Interesse an Inhalten, Zugriffszeiten), Meta-\/Kommunikationsdaten (z.B. Ger\u00e4te-Informationen, IP-Adressen).<\/li>\n\n\n\n<li><strong>Betroffene Personen:<\/strong> Nutzer (z.B. Webseitenbesucher, Nutzer von Onlinediensten).<\/li>\n\n\n\n<li><strong>Zwecke der Verarbeitung:<\/strong> Kontaktanfragen und Kommunikation, Tracking (z.B. interessens-\/verhaltensbezogenes Profiling, Nutzung von Cookies), Remarketing.<\/li>\n\n\n\n<li><strong>Rechtsgrundlagen:<\/strong> Berechtigte Interessen (Art. 6 Abs. 1 S. 1 lit. f. DSGVO).<\/li>\n<\/ul>\n\n\n\n<p><strong>Eingesetzte Dienste und Diensteanbieter:<\/strong><\/p>\n\n\n\n<ul class=\"wp-block-list\">\n<li><strong>LinkedIn:<\/strong> Soziales Netzwerk; Dienstanbieter: LinkedIn Ireland Unlimited Company, Wilton Place, Dublin 2, Irland; Website: <a href=\"https:\/\/www.linkedin.com\" target=\"_blank\" rel=\"noreferrer noopener\">https:\/\/www.linkedin.com<\/a>; Datenschutzerkl\u00e4rung: <a href=\"https:\/\/www.linkedin.com\/legal\/privacy-policy\" target=\"_blank\" rel=\"noreferrer noopener\">https:\/\/www.linkedin.com\/legal\/privacy-policy<\/a>; Privacy Shield (Gew\u00e4hrleistung Datenschutzniveau bei Verarbeitung von Daten in den USA): <a href=\"https:\/\/www.privacyshield.gov\/participant?id=a2zt0000000L0UZAA0&amp;status=Active\" target=\"_blank\" rel=\"noreferrer noopener\">https:\/\/www.privacyshield.gov\/participant?id=a2zt0000000L0UZAA0&amp;status=Active<\/a>; Widerspruchsm\u00f6glichkeit (Opt-Out): <a href=\"https:\/\/www.linkedin.com\/psettings\/guest-controls\/retargeting-opt-out\" target=\"_blank\" rel=\"noreferrer noopener\">https:\/\/www.linkedin.com\/psettings\/guest-controls\/retargeting-opt-out<\/a>.<\/li>\n\n\n\n<li><strong>Xing:<\/strong> Soziales Netzwerk; Dienstanbieter: XING AG, Dammtorstra\u00dfe 29-32, 20354 Hamburg, Deutschland; Website: <a href=\"https:\/\/www.xing.de\" target=\"_blank\" rel=\"noreferrer noopener\">https:\/\/www.xing.de<\/a>; Datenschutzerkl\u00e4rung: <a href=\"https:\/\/privacy.xing.com\/de\/datenschutzerklaerung\" target=\"_blank\" rel=\"noreferrer noopener\">https:\/\/privacy.xing.com\/de\/datenschutzerklaerung<\/a>.<\/li>\n<\/ul>\n\n\n\n<h2 class=\"wp-block-heading\" id=\"m328\">Plugins und eingebettete Funktionen sowie Inhalte<\/h2>\n\n\n\n<p>Wir binden in unser Onlineangebot Funktions- und Inhaltselemente ein, die von den Servern ihrer jeweiligen Anbieter (nachfolgend bezeichnet als &#8222;Drittanbieter\u201d) bezogen werden. Dabei kann es sich zum Beispiel um Grafiken, Videos oder Social-Media-Schaltfl\u00e4chen sowie Beitr\u00e4ge handeln (nachfolgend einheitlich bezeichnet als &#8222;Inhalte\u201d).<\/p>\n\n\n\n<p>Die Einbindung setzt immer voraus, dass die Drittanbieter dieser Inhalte die IP-Adresse der Nutzer verarbeiten, da sie ohne die IP-Adresse die Inhalte nicht an deren Browser senden k\u00f6nnten. Die IP-Adresse ist damit f\u00fcr die Darstellung dieser Inhalte oder Funktionen erforderlich. Wir bem\u00fchen uns, nur solche Inhalte zu verwenden, deren jeweilige Anbieter die IP-Adresse lediglich zur Auslieferung der Inhalte verwenden. Drittanbieter k\u00f6nnen ferner sogenannte Pixel-Tags (unsichtbare Grafiken, auch als &#8222;Web Beacons&#8220; bezeichnet) f\u00fcr statistische oder Marketingzwecke verwenden. Durch die &#8222;Pixel-Tags&#8220; k\u00f6nnen Informationen, wie der Besucherverkehr auf den Seiten dieser Webseite, ausgewertet werden. Die pseudonymen Informationen k\u00f6nnen ferner in Cookies auf dem Ger\u00e4t der Nutzer gespeichert werden und unter anderem technische Informationen zum Browser und zum Betriebssystem, zu verweisenden Webseiten, zur Besuchszeit sowie weitere Angaben zur Nutzung unseres Onlineangebotes enthalten als auch mit solchen Informationen aus anderen Quellen verbunden werden.<\/p>\n\n\n\n<p><strong>Hinweise zu Rechtsgrundlagen:<\/strong> Sofern wir die Nutzer um deren Einwilligung in den Einsatz der Drittanbieter bitten, ist die Rechtsgrundlage der Verarbeitung von Daten die Einwilligung. Ansonsten werden die Daten der Nutzer auf Grundlage unserer berechtigten Interessen (d.h. Interesse an effizienten, wirtschaftlichen und empf\u00e4ngerfreundlichen Leistungen) verarbeitet. In diesem Zusammenhang m\u00f6chten wir Sie auch auf die Informationen zur Verwendung von Cookies in dieser Datenschutzerkl\u00e4rung hinweisen.<\/p>\n\n\n\n<ul class=\"wp-block-list\">\n<li><strong>Verarbeitete Datenarten:<\/strong> Nutzungsdaten  (z.B. besuchte Webseiten, Interesse an Inhalten, Zugriffszeiten), Meta-\/Kommunikationsdaten (z.B. Ger\u00e4te-Informationen, IP-Adressen).<\/li>\n\n\n\n<li><strong>Betroffene Personen:<\/strong> Nutzer (z.B. Webseitenbesucher, Nutzer von Onlinediensten).<\/li>\n\n\n\n<li><strong>Zwecke der Verarbeitung:<\/strong> Bereitstellung unseres Onlineangebotes und Nutzerfreundlichkeit, Vertragliche Leistungen und Service.<\/li>\n\n\n\n<li><strong>Rechtsgrundlagen:<\/strong> Berechtigte Interessen (Art. 6 Abs. 1 S. 1 lit. f. DSGVO).<\/li>\n<\/ul>\n\n\n\n<p><strong>Eingesetzte Dienste und Diensteanbieter:<\/strong><\/p>\n\n\n\n<ul class=\"wp-block-list\">\n<li><strong>Google Fonts:<\/strong> Wir binden die Schriftarten (\\&#8220;Google Fonts\\&#8220;) des Anbieters Google ein, wobei die Daten der Nutzer allein zu Zwecken der Darstellung der Schriftarten im Browser der Nutzer verwendet werden. Die Einbindung erfolgt auf Grundlage unserer berechtigten Interessen an einer technisch sicheren, wartungsfreien und effizienten Nutzung von Schriftarten, deren einheitlicher Darstellung sowie unter Ber\u00fccksichtigung m\u00f6glicher lizenzrechtlicher Restriktionen f\u00fcr deren Einbindung. Dienstanbieter: Google Ireland Limited, Gordon House, Barrow Street, Dublin 4, Irland, Mutterunternehmen: Google LLC, 1600 Amphitheatre Parkway, Mountain View, CA 94043, USA; Website: <a href=\"https:\/\/fonts.google.com\/\" target=\"_blank\" rel=\"noreferrer noopener\">https:\/\/fonts.google.com\/<\/a>; Datenschutzerkl\u00e4rung: <a href=\"https:\/\/policies.google.com\/privacy\" target=\"_blank\" rel=\"noreferrer noopener\">https:\/\/policies.google.com\/privacy<\/a>; Privacy Shield (Gew\u00e4hrleistung Datenschutzniveau bei Verarbeitung von Daten in den USA): <a href=\"https:\/\/www.privacyshield.gov\/participant?id=a2zt0000000TRkEAAW&amp;status=Active\" target=\"_blank\" rel=\"noreferrer noopener\">https:\/\/www.privacyshield.gov\/participant?id=a2zt0000000TRkEAAW&amp;status=Active<\/a>.<\/li>\n<\/ul>\n\n\n\n<h2 class=\"wp-block-heading\" id=\"m42\">Begriffsdefinitionen<\/h2>\n\n\n\n<p>In diesem Abschnitt erhalten Sie eine \u00dcbersicht \u00fcber die in dieser Datenschutzerkl\u00e4rung verwendeten Begrifflichkeiten. Viele der Begriffe sind dem Gesetz entnommen und vor allem im Art. 4 DSGVO definiert. Die gesetzlichen Definitionen sind verbindlich. Die nachfolgenden Erl\u00e4uterungen sollen dagegen vor allem dem Verst\u00e4ndnis dienen. Die Begriffe sind alphabetisch sortiert.<\/p>\n\n\n\n<ul class=\"wp-block-list\">\n<li><strong>Personenbezogene Daten:<\/strong> &#8222;Personenbezogene Daten\u201c sind alle Informationen, die sich auf eine identifizierte oder identifizierbare nat\u00fcrliche Person (im Folgenden &#8222;betroffene Person\u201c) beziehen; als identifizierbar wird eine nat\u00fcrliche Person angesehen, die direkt oder indirekt, insbesondere mittels Zuordnung zu einer Kennung wie einem Namen, zu einer Kennnummer, zu Standortdaten, zu einer Online-Kennung (z.B. Cookie) oder zu einem oder mehreren besonderen Merkmalen identifiziert werden kann, die Ausdruck der physischen, physiologischen, genetischen, psychischen, wirtschaftlichen, kulturellen oder sozialen Identit\u00e4t dieser nat\u00fcrlichen Person sind. <\/li>\n\n\n\n<li><strong>Remarketing:<\/strong> Vom &#8222;Remarketing\u201c bzw. &#8222;Retargeting\u201c spricht man, wenn z.B. zu Werbezwecken vermerkt wird, f\u00fcr welche Produkte sich ein Nutzer auf einer Webseite interessiert hat, um den Nutzer auf anderen Webseiten an diese Produkte, z.B. in Werbeanzeigen, zu erinnern. <\/li>\n\n\n\n<li><strong>Tracking:<\/strong> Vom &#8222;Tracking\u201c spricht man, wenn das Verhalten von Nutzern \u00fcber mehrere Onlineangebote hinweg nachvollzogen werden kann. Im Regelfall werden im Hinblick auf die genutzten Onlineangebote Verhaltens- und Interessensinformationen in Cookies oder auf Servern der Anbieter der Trackingtechnologien gespeichert (sogenanntes Profiling). Diese Informationen k\u00f6nnen anschlie\u00dfend z.B. eingesetzt werden, um den Nutzern Werbeanzeigen anzuzeigen, die voraussichtlich deren Interessen entsprechen. <\/li>\n\n\n\n<li><strong>Verantwortlicher:<\/strong> Als &#8222;Verantwortlicher\u201c wird die nat\u00fcrliche oder juristische Person, Beh\u00f6rde, Einrichtung oder andere Stelle, die allein oder gemeinsam mit anderen \u00fcber die Zwecke und Mittel der Verarbeitung von personenbezogenen Daten entscheidet, bezeichnet. <\/li>\n\n\n\n<li><strong>Verarbeitung:<\/strong> &#8222;Verarbeitung&#8220; ist jeder mit oder ohne Hilfe automatisierter Verfahren ausgef\u00fchrte Vorgang oder jede solche Vorgangsreihe im Zusammenhang mit personenbezogenen Daten. Der Begriff reicht weit und umfasst praktisch jeden Umgang mit Daten, sei es das Erheben, das Auswerten, das Speichern, das \u00dcbermitteln oder das L\u00f6schen. <\/li>\n<\/ul>\n","protected":false},"excerpt":{"rendered":"<p>Einleitung Mit der folgenden Datenschutzerkl\u00e4rung m\u00f6chten wir Sie dar\u00fcber aufkl\u00e4ren, welche Arten Ihrer personenbezogenen Daten (nachfolgend auch kurz als &#8222;Daten\u201c bezeichnet) wir zu welchen Zwecken und in welchem Umfang verarbeiten. Die Datenschutzerkl\u00e4rung gilt f\u00fcr alle von uns durchgef\u00fchrten Verarbeitungen personenbezogener Daten, sowohl im Rahmen der Erbringung unserer Leistungen als auch insbesondere auf unseren Webseiten, in&hellip;<\/p>\n","protected":false},"author":1,"featured_media":0,"parent":0,"menu_order":0,"comment_status":"closed","ping_status":"closed","template":"","meta":{"wprm-recipe-roundup-name":"","wprm-recipe-roundup-description":"","footnotes":""},"categories":[],"tags":[],"class_list":["post-828","page","type-page","status-publish","hentry"],"acf":[],"_links":{"self":[{"href":"https:\/\/JuliaHabich.de\/index.php?rest_route=\/wp\/v2\/pages\/828","targetHints":{"allow":["GET"]}}],"collection":[{"href":"https:\/\/JuliaHabich.de\/index.php?rest_route=\/wp\/v2\/pages"}],"about":[{"href":"https:\/\/JuliaHabich.de\/index.php?rest_route=\/wp\/v2\/types\/page"}],"author":[{"embeddable":true,"href":"https:\/\/JuliaHabich.de\/index.php?rest_route=\/wp\/v2\/users\/1"}],"replies":[{"embeddable":true,"href":"https:\/\/JuliaHabich.de\/index.php?rest_route=%2Fwp%2Fv2%2Fcomments&post=828"}],"version-history":[{"count":3,"href":"https:\/\/JuliaHabich.de\/index.php?rest_route=\/wp\/v2\/pages\/828\/revisions"}],"predecessor-version":[{"id":1499,"href":"https:\/\/JuliaHabich.de\/index.php?rest_route=\/wp\/v2\/pages\/828\/revisions\/1499"}],"wp:attachment":[{"href":"https:\/\/JuliaHabich.de\/index.php?rest_route=%2Fwp%2Fv2%2Fmedia&parent=828"}],"wp:term":[{"taxonomy":"category","embeddable":true,"href":"https:\/\/JuliaHabich.de\/index.php?rest_route=%2Fwp%2Fv2%2Fcategories&post=828"},{"taxonomy":"post_tag","embeddable":true,"href":"https:\/\/JuliaHabich.de\/index.php?rest_route=%2Fwp%2Fv2%2Ftags&post=828"}],"curies":[{"name":"wp","href":"https:\/\/api.w.org\/{rel}","templated":true}]}}